{"id":88,"date":"2025-08-20T16:28:23","date_gmt":"2025-08-20T19:28:23","guid":{"rendered":"http:\/\/tai-hsuan-an.com\/?page_id=88"},"modified":"2025-09-30T01:44:48","modified_gmt":"2025-09-30T04:44:48","slug":"livros","status":"publish","type":"page","link":"https:\/\/tai-hsuan-an.com\/?page_id=88","title":{"rendered":"Livros"},"content":{"rendered":"\t\t<div data-elementor-type=\"wp-page\" data-elementor-id=\"88\" class=\"elementor elementor-88\">\n\t\t\t\t<div class=\"elementor-element elementor-element-1a5f1481 e-flex e-con-boxed e-con e-parent\" data-id=\"1a5f1481\" data-element_type=\"container\">\n\t\t\t\t\t<div class=\"e-con-inner\">\n\t\t\t\t<div class=\"elementor-element elementor-element-6e5a0be5 elementor-widget elementor-widget-text-editor\" data-id=\"6e5a0be5\" data-element_type=\"widget\" data-widget_type=\"text-editor.default\">\n\t\t\t\t\t\t\t\t\t\n<p>Cat\u00e1logo da exposi\u00e7\u00e3o &#8220;DI\u00c1SPORA, CONVERG\u00caNCIAS E CONEX\u00d5ES em 40 anos de arte de Tai-Hsuan-an&#8221;:<br \/><br \/><div class=\"_3d-flip-book  fb3d-fullscreen-mode full-size\" data-id=\"127\" data-mode=\"fullscreen\" data-title=\"false\" data-template=\"short-white-book-view\" data-lightbox=\"dark-shadow\" data-urlparam=\"fb3d-page\" data-page-n=\"0\" data-pdf=\"\" data-tax=\"null\" data-thumbnail=\"\" data-cols=\"3\" data-book-template=\"default\" data-trigger=\"\"><\/div><script type=\"text\/javascript\">window.FB3D_CLIENT_DATA = window.FB3D_CLIENT_DATA || [];FB3D_CLIENT_DATA.push('eyJwb3N0cyI6eyIxMjciOnsiSUQiOjEyNywidGl0bGUiOiIiLCJ0eXBlIjoicGRmIiwicmVhZHlfZnVuY3Rpb24iOiIiLCJib29rX3N0eWxlIjoiZmxhdCIsImJvb2tfdGVtcGxhdGUiOiJub25lIiwib3V0bGluZSI6W10sImRhdGEiOnsicG9zdF9JRCI6IjEyOCIsImd1aWQiOiJodHRwOlwvXC90YWktaHN1YW4tYW4uY29tXC93cC1jb250ZW50XC91cGxvYWRzXC8yMDI1XC8wOFwvQ2F0YWxvZ28tVEFJLTIwMjUucGRmIiwicGRmX3BhZ2VzIjoiMTA0IiwicGFnZXNfY3VzdG9taXphdGlvbiI6Im5vbmUifSwidGh1bWJuYWlsIjp7ImRhdGEiOnsicG9zdF9JRCI6IjAifSwidHlwZSI6ImF1dG8ifSwicHJvcHMiOnsiYmFja2dyb3VuZENvbG9yIjoiYXV0byIsImJhY2tncm91bmRJbWFnZSI6ImF1dG8iLCJiYWNrZ3JvdW5kU3R5bGUiOiJhdXRvIiwiaGlnaGxpZ2h0TGlua3MiOiJhdXRvIiwibGlnaHRpbmciOiJhdXRvIiwic2luZ2xlUGFnZU1vZGUiOiJhdXRvIiwiY2FjaGVkUGFnZXMiOiJhdXRvIiwicmVuZGVySW5hY3RpdmVQYWdlcyI6ImF1dG8iLCJyZW5kZXJJbmFjdGl2ZVBhZ2VzT25Nb2JpbGUiOiJhdXRvIiwicmVuZGVyV2hpbGVGbGlwcGluZyI6ImF1dG8iLCJwcmVsb2FkUGFnZXMiOiJhdXRvIiwiYXV0b1BsYXlEdXJhdGlvbiI6ImF1dG8iLCJydGwiOiJhdXRvIiwiaW50ZXJhY3RpdmVDb3JuZXJzIjoiYXV0byIsIm1heERlcHRoIjoiYXV0byIsInNoZWV0Ijp7InN0YXJ0VmVsb2NpdHkiOiJhdXRvIiwid2F2ZSI6ImF1dG8iLCJzaGFwZSI6ImF1dG8iLCJ3aWR0aFRleGVscyI6ImF1dG8iLCJjb2xvciI6ImF1dG8iLCJzaWRlIjoiYXV0byIsInN0cmV0Y2hJbWFnZXMiOiJhdXRvIiwiY29ybmVyRGV2aWF0aW9uIjoiYXV0byIsImZsZXhpYmlsaXR5IjoiYXV0byIsImZsZXhpYmxlQ29ybmVyIjoiYXV0byIsImJlbmRpbmciOiJhdXRvIiwiaGVpZ2h0VGV4ZWxzIjoiYXV0byJ9LCJjb3ZlciI6eyJ3YXZlIjoiYXV0byIsImNvbG9yIjoiYXV0byIsInNpZGUiOiJhdXRvIiwic3RyZXRjaEltYWdlcyI6ImF1dG8iLCJiaW5kZXJUZXh0dXJlIjoiYXV0byIsImRlcHRoIjoiYXV0byIsInBhZGRpbmciOiJhdXRvIiwic3RhcnRWZWxvY2l0eSI6ImF1dG8iLCJmbGV4aWJpbGl0eSI6ImF1dG8iLCJmbGV4aWJsZUNvcm5lciI6ImF1dG8iLCJiZW5kaW5nIjoiYXV0byIsIndpZHRoVGV4ZWxzIjoiYXV0byIsImhlaWdodFRleGVscyI6ImF1dG8iLCJtYXNzIjoiYXV0byIsInNoYXBlIjoiYXV0byJ9LCJwYWdlIjp7IndhdmUiOiJhdXRvIiwiY29sb3IiOiJhdXRvIiwic2lkZSI6ImF1dG8iLCJzdHJldGNoSW1hZ2VzIjoiYXV0byIsImRlcHRoIjoiYXV0byIsInN0YXJ0VmVsb2NpdHkiOiJhdXRvIiwiZmxleGliaWxpdHkiOiJhdXRvIiwiZmxleGlibGVDb3JuZXIiOiJhdXRvIiwiYmVuZGluZyI6ImF1dG8iLCJ3aWR0aFRleGVscyI6ImF1dG8iLCJoZWlnaHRUZXhlbHMiOiJhdXRvIiwibWFzcyI6ImF1dG8iLCJzaGFwZSI6ImF1dG8ifSwiaGVpZ2h0IjoiYXV0byIsIndpZHRoIjoiYXV0byIsImdyYXZpdHkiOiJhdXRvIiwicGFnZXNGb3JQcmVkaWN0aW5nIjoiYXV0byJ9LCJjb250cm9sUHJvcHMiOnsiYWN0aW9ucyI6eyJjbWRUb2MiOnsiZW5hYmxlZCI6ImF1dG8iLCJlbmFibGVkSW5OYXJyb3ciOiJhdXRvIiwiYWN0aXZlIjoiYXV0byIsImRlZmF1bHRUYWIiOiJhdXRvIn0sImNtZEF1dG9QbGF5Ijp7ImVuYWJsZWQiOiJhdXRvIiwiZW5hYmxlZEluTmFycm93IjoiYXV0byIsImFjdGl2ZSI6ImF1dG8ifSwiY21kU2F2ZSI6eyJlbmFibGVkIjoiYXV0byIsImVuYWJsZWRJbk5hcnJvdyI6ImF1dG8ifSwiY21kUHJpbnQiOnsiZW5hYmxlZCI6ImF1dG8iLCJlbmFibGVkSW5OYXJyb3ciOiJhdXRvIn0sImNtZFNpbmdsZVBhZ2UiOnsiZW5hYmxlZCI6ImF1dG8iLCJlbmFibGVkSW5OYXJyb3ciOiJhdXRvIiwiYWN0aXZlIjoiYXV0byIsImFjdGl2ZUZvck1vYmlsZSI6ImF1dG8ifSwid2lkVG9vbGJhciI6eyJlbmFibGVkIjoiYXV0byIsImVuYWJsZWRJbk5hcnJvdyI6ImF1dG8ifX19LCJhdXRvVGh1bWJuYWlsIjoiaHR0cDpcL1wvdGFpLWhzdWFuLWFuLmNvbVwvd3AtY29udGVudFwvdXBsb2Fkc1wvM2QtZmxpcC1ib29rXC9hdXRvLXRodW1ibmFpbHNcLzEyNy5wbmciLCJwb3N0X25hbWUiOiIxMjciLCJwb3N0X3R5cGUiOiIzZC1mbGlwLWJvb2sifX0sInBhZ2VzIjpbXSwiZmlyc3RQYWdlcyI6W119');window.FB3D_CLIENT_LOCALE && FB3D_CLIENT_LOCALE.render && FB3D_CLIENT_LOCALE.render();<\/script><\/p>\n\n<p>\u00a0<\/p>\n\n<p>\u00a0<\/p>\n\n<p>\u00a0<\/p>\n\t\t\t\t\t\t\t\t<\/div>\n\t\t<div class=\"elementor-element elementor-element-a817518 e-con-full e-flex e-con e-child\" data-id=\"a817518\" data-element_type=\"container\">\n\t\t\t\t<div class=\"elementor-element elementor-element-c232c9a elementor-widget-divider--view-line elementor-widget elementor-widget-divider\" data-id=\"c232c9a\" data-element_type=\"widget\" data-widget_type=\"divider.default\">\n\t\t\t\t\t\t\t<div class=\"elementor-divider\">\n\t\t\t<span class=\"elementor-divider-separator\">\n\t\t\t\t\t\t<\/span>\n\t\t<\/div>\n\t\t\t\t\t\t<\/div>\n\t\t\t\t<\/div>\n\t\t\t\t\t<\/div>\n\t\t\t\t<\/div>\n\t\t<div class=\"elementor-element elementor-element-fd2adaf e-flex e-con-boxed e-con e-parent\" data-id=\"fd2adaf\" data-element_type=\"container\">\n\t\t\t\t\t<div class=\"e-con-inner\">\n\t\t<div class=\"elementor-element elementor-element-a885692 e-con-full e-flex e-con e-child\" data-id=\"a885692\" data-element_type=\"container\">\n\t\t\t\t<\/div>\n\t\t\t\t<div class=\"elementor-element elementor-element-c4bbcac elementor-widget elementor-widget-heading\" data-id=\"c4bbcac\" data-element_type=\"widget\" data-widget_type=\"heading.default\">\n\t\t\t\t\t<h2 class=\"elementor-heading-title elementor-size-default\">Outras publica\u00e7\u00f5es<\/h2>\t\t\t\t<\/div>\n\t\t\t\t\t<\/div>\n\t\t\t\t<\/div>\n\t\t<div class=\"elementor-element elementor-element-6b9be92 e-grid e-con-boxed e-con e-parent\" data-id=\"6b9be92\" data-element_type=\"container\">\n\t\t\t\t\t<div class=\"e-con-inner\">\n\t\t\t\t<div class=\"elementor-element elementor-element-71652ef elementor-widget elementor-widget-image\" data-id=\"71652ef\" data-element_type=\"widget\" data-widget_type=\"image.default\">\n\t\t\t\t\t\t\t\t\t\t\t\t<figure class=\"wp-caption\">\n\t\t\t\t\t\t\t\t\t\t<img fetchpriority=\"high\" decoding=\"async\" width=\"771\" height=\"1024\" src=\"https:\/\/tai-hsuan-an.com\/wp-content\/uploads\/2025\/09\/Aa-771x1024.jpeg\" class=\"attachment-large size-large wp-image-154\" alt=\"\" srcset=\"https:\/\/tai-hsuan-an.com\/wp-content\/uploads\/2025\/09\/Aa-771x1024.jpeg 771w, https:\/\/tai-hsuan-an.com\/wp-content\/uploads\/2025\/09\/Aa-226x300.jpeg 226w, https:\/\/tai-hsuan-an.com\/wp-content\/uploads\/2025\/09\/Aa-768x1020.jpeg 768w, https:\/\/tai-hsuan-an.com\/wp-content\/uploads\/2025\/09\/Aa-1157x1536.jpeg 1157w, https:\/\/tai-hsuan-an.com\/wp-content\/uploads\/2025\/09\/Aa-45x60.jpeg 45w, https:\/\/tai-hsuan-an.com\/wp-content\/uploads\/2025\/09\/Aa.jpeg 1205w\" sizes=\"(max-width: 771px) 100vw, 771px\" \/>\t\t\t\t\t\t\t\t\t\t\t<figcaption class=\"widget-image-caption wp-caption-text\"> Grande obra de etimologia dos ideogramas chineses. 590 pg.  \u00c9 Realiza\u00e7\u00f5es\/SP. O \u00fanico dicion\u00e1rio de ideogramas chineses na l\u00edngua portuguesa<\/figcaption>\n\t\t\t\t\t\t\t\t\t\t<\/figure>\n\t\t\t\t\t\t\t\t\t<\/div>\n\t\t\t\t<div class=\"elementor-element elementor-element-d1918ca elementor-widget elementor-widget-image\" data-id=\"d1918ca\" data-element_type=\"widget\" data-widget_type=\"image.default\">\n\t\t\t\t\t\t\t\t\t\t\t\t<figure class=\"wp-caption\">\n\t\t\t\t\t\t\t\t\t\t<img decoding=\"async\" width=\"835\" height=\"1024\" src=\"https:\/\/tai-hsuan-an.com\/wp-content\/uploads\/2025\/09\/Bb-835x1024.jpeg\" class=\"attachment-large size-large wp-image-153\" alt=\"\" srcset=\"https:\/\/tai-hsuan-an.com\/wp-content\/uploads\/2025\/09\/Bb-835x1024.jpeg 835w, https:\/\/tai-hsuan-an.com\/wp-content\/uploads\/2025\/09\/Bb-245x300.jpeg 245w, https:\/\/tai-hsuan-an.com\/wp-content\/uploads\/2025\/09\/Bb-768x942.jpeg 768w, https:\/\/tai-hsuan-an.com\/wp-content\/uploads\/2025\/09\/Bb-1252x1536.jpeg 1252w, https:\/\/tai-hsuan-an.com\/wp-content\/uploads\/2025\/09\/Bb-49x60.jpeg 49w, https:\/\/tai-hsuan-an.com\/wp-content\/uploads\/2025\/09\/Bb.jpeg 1304w\" sizes=\"(max-width: 835px) 100vw, 835px\" \/>\t\t\t\t\t\t\t\t\t\t\t<figcaption class=\"widget-image-caption wp-caption-text\">Obra de 2002, 217 p\u00e1ginas<\/figcaption>\n\t\t\t\t\t\t\t\t\t\t<\/figure>\n\t\t\t\t\t\t\t\t\t<\/div>\n\t\t\t\t<div class=\"elementor-element elementor-element-1844d45 elementor-widget elementor-widget-image\" data-id=\"1844d45\" data-element_type=\"widget\" data-widget_type=\"image.default\">\n\t\t\t\t\t\t\t\t\t\t\t\t<figure class=\"wp-caption\">\n\t\t\t\t\t\t\t\t\t\t<img decoding=\"async\" width=\"824\" height=\"1024\" src=\"https:\/\/tai-hsuan-an.com\/wp-content\/uploads\/2025\/09\/Cc-824x1024.jpeg\" class=\"attachment-large size-large wp-image-152\" alt=\"\" srcset=\"https:\/\/tai-hsuan-an.com\/wp-content\/uploads\/2025\/09\/Cc-824x1024.jpeg 824w, https:\/\/tai-hsuan-an.com\/wp-content\/uploads\/2025\/09\/Cc-241x300.jpeg 241w, https:\/\/tai-hsuan-an.com\/wp-content\/uploads\/2025\/09\/Cc-768x955.jpeg 768w, https:\/\/tai-hsuan-an.com\/wp-content\/uploads\/2025\/09\/Cc-1236x1536.jpeg 1236w, https:\/\/tai-hsuan-an.com\/wp-content\/uploads\/2025\/09\/Cc-48x60.jpeg 48w, https:\/\/tai-hsuan-an.com\/wp-content\/uploads\/2025\/09\/Cc.jpeg 1287w\" sizes=\"(max-width: 824px) 100vw, 824px\" \/>\t\t\t\t\t\t\t\t\t\t\t<figcaption class=\"widget-image-caption wp-caption-text\">Segunda edi\u00e7\u00e3o ampliada, de 2015, com 247 p\u00e1ginas<\/figcaption>\n\t\t\t\t\t\t\t\t\t\t<\/figure>\n\t\t\t\t\t\t\t\t\t<\/div>\n\t\t\t\t\t<\/div>\n\t\t\t\t<\/div>\n\t\t\t\t<\/div>\n\t\t","protected":false},"excerpt":{"rendered":"<p>Cat\u00e1logo da exposi\u00e7\u00e3o &#8220;DI\u00c1SPORA, CONVERG\u00caNCIAS E CONEX\u00d5ES em 40 anos de arte de Tai-Hsuan-an&#8221;: \u00a0 \u00a0 \u00a0 Outras publica\u00e7\u00f5es Grande obra de etimologia dos ideogramas &hellip; <\/p>\n","protected":false},"author":1,"featured_media":0,"parent":0,"menu_order":0,"comment_status":"closed","ping_status":"closed","template":"","meta":{"ngg_post_thumbnail":0,"footnotes":""},"class_list":["post-88","page","type-page","status-publish","hentry"],"_links":{"self":[{"href":"https:\/\/tai-hsuan-an.com\/index.php?rest_route=\/wp\/v2\/pages\/88","targetHints":{"allow":["GET"]}}],"collection":[{"href":"https:\/\/tai-hsuan-an.com\/index.php?rest_route=\/wp\/v2\/pages"}],"about":[{"href":"https:\/\/tai-hsuan-an.com\/index.php?rest_route=\/wp\/v2\/types\/page"}],"author":[{"embeddable":true,"href":"https:\/\/tai-hsuan-an.com\/index.php?rest_route=\/wp\/v2\/users\/1"}],"replies":[{"embeddable":true,"href":"https:\/\/tai-hsuan-an.com\/index.php?rest_route=%2Fwp%2Fv2%2Fcomments&post=88"}],"version-history":[{"count":14,"href":"https:\/\/tai-hsuan-an.com\/index.php?rest_route=\/wp\/v2\/pages\/88\/revisions"}],"predecessor-version":[{"id":227,"href":"https:\/\/tai-hsuan-an.com\/index.php?rest_route=\/wp\/v2\/pages\/88\/revisions\/227"}],"wp:attachment":[{"href":"https:\/\/tai-hsuan-an.com\/index.php?rest_route=%2Fwp%2Fv2%2Fmedia&parent=88"}],"curies":[{"name":"wp","href":"https:\/\/api.w.org\/{rel}","templated":true}]}}